{"id":26,"date":"2025-08-30T14:28:35","date_gmt":"2025-08-30T12:28:35","guid":{"rendered":"https:\/\/pivoavino.no\/vart-team\/"},"modified":"2025-10-23T22:38:50","modified_gmt":"2025-10-23T20:38:50","slug":"vart-team","status":"publish","type":"page","link":"https:\/\/pivoavino.no\/en\/vart-team\/","title":{"rendered":"Contact us"},"content":{"rendered":"<div class=\"wp-block-group alignfull has-background-background-color has-background has-global-padding is-layout-constrained wp-container-core-group-is-layout-7276a2bb wp-block-group-is-layout-constrained\" id=\"om-oss\" style=\"margin-top:0;margin-bottom:0;padding-top:var(--wp--preset--spacing--60);padding-right:var(--wp--preset--spacing--30);padding-bottom:var(--wp--preset--spacing--60);padding-left:var(--wp--preset--spacing--30)\">\n<div class=\"wp-block-columns alignwide are-vertically-aligned-center is-layout-flex wp-container-core-columns-is-layout-47c06fe3 wp-block-columns-is-layout-flex\">\n<div class=\"wp-block-column is-vertically-aligned-center is-layout-flow wp-block-column-is-layout-flow\" style=\"flex-basis:33.3%\">\n<h2 class=\"wp-block-heading has-large-font-size translation-block\">Tailor-made trade solutions between Norway and the Czech Republic<\/h2>\n\n\n\n<p style=\"margin-top:16px\">We work to strengthen trade within the EEA, focusing on reliability, quality and mutual growth between Norwegian and Czech partners.<\/p>\n<\/div>\n\n\n\n<div class=\"wp-block-column is-vertically-aligned-center is-layout-flow wp-container-core-column-is-layout-f5bb311e wp-block-column-is-layout-flow\" style=\"flex-basis:50%\">\n<figure class=\"wp-block-gallery has-nested-images columns-default is-cropped wp-block-gallery-1 is-layout-flex wp-block-gallery-is-layout-flex\">\n<figure class=\"wp-block-image\"><img loading=\"lazy\" decoding=\"async\" width=\"1280\" height=\"960\" data-id=\"108\" class=\"wp-image-108\" src=\"https:\/\/pivoavino.no\/wp-content\/uploads\/2025\/10\/028d5790b70af84fe37ecc201b5c48f080169cf2.jpg\" alt=\"\" style=\"aspect-ratio:3\/4;object-fit:cover\" srcset=\"https:\/\/pivoavino.no\/wp-content\/uploads\/2025\/10\/028d5790b70af84fe37ecc201b5c48f080169cf2.jpg 1280w, https:\/\/pivoavino.no\/wp-content\/uploads\/2025\/10\/028d5790b70af84fe37ecc201b5c48f080169cf2-300x225.jpg 300w, https:\/\/pivoavino.no\/wp-content\/uploads\/2025\/10\/028d5790b70af84fe37ecc201b5c48f080169cf2-1024x768.jpg 1024w, https:\/\/pivoavino.no\/wp-content\/uploads\/2025\/10\/028d5790b70af84fe37ecc201b5c48f080169cf2-768x576.jpg 768w, https:\/\/pivoavino.no\/wp-content\/uploads\/2025\/10\/028d5790b70af84fe37ecc201b5c48f080169cf2-16x12.jpg 16w\" sizes=\"auto, (max-width: 1280px) 100vw, 1280px\" \/><\/figure>\n\n\n\n<figure class=\"wp-block-image\"><img loading=\"lazy\" decoding=\"async\" width=\"1280\" height=\"960\" data-id=\"109\" class=\"wp-image-109\" src=\"https:\/\/pivoavino.no\/wp-content\/uploads\/2025\/10\/1cf873eb095899f3bdc1b43a6a0f697216a9fd59.jpg\" alt=\"\" style=\"aspect-ratio:3\/4;object-fit:cover\" srcset=\"https:\/\/pivoavino.no\/wp-content\/uploads\/2025\/10\/1cf873eb095899f3bdc1b43a6a0f697216a9fd59.jpg 1280w, https:\/\/pivoavino.no\/wp-content\/uploads\/2025\/10\/1cf873eb095899f3bdc1b43a6a0f697216a9fd59-300x225.jpg 300w, https:\/\/pivoavino.no\/wp-content\/uploads\/2025\/10\/1cf873eb095899f3bdc1b43a6a0f697216a9fd59-1024x768.jpg 1024w, https:\/\/pivoavino.no\/wp-content\/uploads\/2025\/10\/1cf873eb095899f3bdc1b43a6a0f697216a9fd59-768x576.jpg 768w, https:\/\/pivoavino.no\/wp-content\/uploads\/2025\/10\/1cf873eb095899f3bdc1b43a6a0f697216a9fd59-16x12.jpg 16w\" sizes=\"auto, (max-width: 1280px) 100vw, 1280px\" \/><\/figure>\n<\/figure>\n<\/div>\n<\/div>\n<\/div>\n\n\n\n<div class=\"wp-block-group alignfull has-tertiary-background-color has-background has-global-padding is-layout-constrained wp-container-core-group-is-layout-7276a2bb wp-block-group-is-layout-constrained\" id=\"lag\" style=\"margin-top:0;margin-bottom:0;padding-top:var(--wp--preset--spacing--60);padding-right:var(--wp--preset--spacing--30);padding-bottom:var(--wp--preset--spacing--60);padding-left:var(--wp--preset--spacing--30)\">\n<div class=\"wp-block-group alignwide is-vertical is-layout-flex wp-container-core-group-is-layout-fe9cc265 wp-block-group-is-layout-flex\">\n<div class=\"wp-block-group has-global-padding is-layout-constrained wp-block-group-is-layout-constrained\">\n<h2 class=\"wp-block-heading has-large-font-size\">Your trusted partner for trade between Norway and the Czech Republic<\/h2>\n\n\n\n<p style=\"margin-top:16px\">Meet the people behind Pivoavino<\/p>\n<\/div>\n<\/div>\n\n\n\n<div class=\"wp-block-columns alignwide is-layout-flex wp-container-core-columns-is-layout-28f84493 wp-block-columns-is-layout-flex\">\n<div class=\"wp-block-column is-layout-flow wp-container-core-column-is-layout-5dafc681 wp-block-column-is-layout-flow\">\n<div class=\"wp-block-columns is-layout-flex wp-container-core-columns-is-layout-13e2ef3f wp-block-columns-is-layout-flex\">\n<div class=\"wp-block-column is-layout-flow wp-block-column-is-layout-flow\" style=\"flex-basis:40%\">\n<figure class=\"wp-block-image size-full is-style-default\"><img loading=\"lazy\" decoding=\"async\" width=\"768\" height=\"1024\" src=\"https:\/\/pivoavino.no\/wp-content\/uploads\/2025\/08\/profilbilde-Frank.png\" alt=\"\" class=\"wp-image-36\" style=\"aspect-ratio:1;object-fit:cover\"\/><\/figure>\n<\/div>\n\n\n\n<div class=\"wp-block-column is-layout-flow wp-block-column-is-layout-flow\">\n<h4 class=\"wp-block-heading\" style=\"font-size:clamp(14px, 0.875rem + ((1vw - 3.2px) * 0.625), 20px);\">Frank Svoboda<\/h4>\n\n\n\n<p class=\"has-primary-color has-text-color has-small-font-size\" style=\"margin-top:4px\">Owner<\/p>\n\n\n\n<p class=\"has-small-font-size\" style=\"margin-top:12px\">Has extensive experience with EEA trade and builds bridges between markets.<\/p>\n\n\n\n<p>Tlf: +47 928 24 523<\/p>\n\n\n\n<p>E-post: frank@pivoavino.no<\/p>\n<\/div>\n<\/div>\n\n\n\n<div class=\"wp-block-columns is-layout-flex wp-container-core-columns-is-layout-13e2ef3f wp-block-columns-is-layout-flex\">\n<div class=\"wp-block-column is-layout-flow wp-block-column-is-layout-flow\"><\/div>\n\n\n\n<div class=\"wp-block-column is-layout-flow wp-block-column-is-layout-flow\"><\/div>\n<\/div>\n<\/div>\n\n\n\n<div class=\"wp-block-column is-layout-flow wp-container-core-column-is-layout-5dafc681 wp-block-column-is-layout-flow\">\n<div class=\"wp-block-columns is-layout-flex wp-container-core-columns-is-layout-13e2ef3f wp-block-columns-is-layout-flex\">\n<div class=\"wp-block-column is-layout-flow wp-block-column-is-layout-flow\" style=\"flex-basis:40%\">\n<figure class=\"wp-block-image size-full is-resized\"><img loading=\"lazy\" decoding=\"async\" width=\"2420\" height=\"3037\" src=\"https:\/\/pivoavino.no\/wp-content\/uploads\/2025\/08\/IMG_3551.jpg\" alt=\"\" class=\"wp-image-37\" style=\"width:199px;height:auto\"\/><\/figure>\n<\/div>\n\n\n\n<div class=\"wp-block-column is-layout-flow wp-block-column-is-layout-flow\">\n<h4 class=\"wp-block-heading\" style=\"font-size:clamp(14px, 0.875rem + ((1vw - 3.2px) * 0.625), 20px);\">Dan Svoboda<\/h4>\n\n\n\n<p class=\"has-primary-color has-text-color has-small-font-size\" style=\"margin-top:4px\">Owner<\/p>\n\n\n\n<p class=\"has-small-font-size\" style=\"margin-top:12px\">Experienced professional in trade and project management.<\/p>\n\n\n\n<p>Tlf: +47 454 53 136<\/p>\n\n\n\n<p>E-post: dan@pivoavino.no<\/p>\n<\/div>\n<\/div>\n<\/div>\n<\/div>\n<\/div>\n\n\n\n<div class=\"wp-block-group alignfull has-background-background-color has-background has-global-padding is-layout-constrained wp-container-core-group-is-layout-fb85e995 wp-block-group-is-layout-constrained\" style=\"margin-top:0;margin-bottom:0;padding-top:var(--wp--preset--spacing--60);padding-right:var(--wp--preset--spacing--30);padding-bottom:var(--wp--preset--spacing--60);padding-left:var(--wp--preset--spacing--30)\"><\/div>","protected":false},"excerpt":{"rendered":"<p>Skreddersyddehandelsl\u00f8sninger mellom Norge og Tsjekkia Vi jobber for \u00e5 styrke handel innen E\u00d8S, med fokus p\u00e5 p\u00e5litelighet, kvalitet og gjensidig vekst mellom norske og tsjekkiske partnere. Din p\u00e5litelige partner for handel mellom Norge og Tsjekkia M\u00f8t personene bak Pivoavino. Frank Svoboda Eier Har omfattende erfaring med E\u00d8S-handel og bygger broer mellom markeder. Tlf: +47 928 [&hellip;]<\/p>","protected":false},"author":1,"featured_media":0,"parent":0,"menu_order":0,"comment_status":"closed","ping_status":"closed","template":"page-with-title","meta":{"footnotes":""},"class_list":["post-26","page","type-page","status-publish","hentry"],"aioseo_notices":[],"_links":{"self":[{"href":"https:\/\/pivoavino.no\/en\/wp-json\/wp\/v2\/pages\/26","targetHints":{"allow":["GET"]}}],"collection":[{"href":"https:\/\/pivoavino.no\/en\/wp-json\/wp\/v2\/pages"}],"about":[{"href":"https:\/\/pivoavino.no\/en\/wp-json\/wp\/v2\/types\/page"}],"author":[{"embeddable":true,"href":"https:\/\/pivoavino.no\/en\/wp-json\/wp\/v2\/users\/1"}],"replies":[{"embeddable":true,"href":"https:\/\/pivoavino.no\/en\/wp-json\/wp\/v2\/comments?post=26"}],"version-history":[{"count":8,"href":"https:\/\/pivoavino.no\/en\/wp-json\/wp\/v2\/pages\/26\/revisions"}],"predecessor-version":[{"id":110,"href":"https:\/\/pivoavino.no\/en\/wp-json\/wp\/v2\/pages\/26\/revisions\/110"}],"wp:attachment":[{"href":"https:\/\/pivoavino.no\/en\/wp-json\/wp\/v2\/media?parent=26"}],"curies":[{"name":"wp","href":"https:\/\/api.w.org\/{rel}","templated":true}]}}